{"id":2,"date":"2023-04-16T13:01:35","date_gmt":"2023-04-16T13:01:35","guid":{"rendered":"https:\/\/farangis.de\/drmya\/?page_id=2"},"modified":"2023-05-09T21:31:24","modified_gmt":"2023-05-09T21:31:24","slug":"image-archive-dr-miriam-y-arani","status":"publish","type":"page","link":"https:\/\/farangis.de\/drmya\/image-archive-dr-miriam-y-arani\/","title":{"rendered":"Image Archive Dr. Miriam Y. Arani"},"content":{"rendered":"<p><b>Supplementary Image Archive Dr. Miriam Y. Arani<\/b><\/p>\n<p>We are beginning here to digitize the image archive from the collection of my sister <a href=\"https:\/\/propagandaundwiderstand.de\/vita\/\" target=\"_blank\" rel=\"noopener\">Dr. Miriam Yegane Arani<\/a> (ext. link) and archive it on the web. This is taking place in conjunction with our archiving of Miriam&#8217;s work. Miriam had always been very keen on the development in the digital field for open archiving with full accessibility to archival materials, so we are implementing this principle here with her archival materials available to us, in the form that is currently possible for us.<\/p>\n<p>We are not able to assign individual images, or only to a very limited extent: we only catalog them on the basis of the information that results from the provisional and transitional sorting in Miriam&#8217;s collected materials.<\/p>\n<p>In her scientific work, Miriam has always emphasized that for the photographic analysis and historical classification of photographic materials, much practical reconstruction work still needs to be done by people interested in history. The digital publication of these holdings should be viewed from precisely this perspective.<\/p>\n<p>Gita Marta Yegane Arani, Edition Farangis<\/p>\n<p>&#8212;<\/p>\n<p><b>Supplement\u00e4res Bildarchiv Dr. Miriam Y. Arani<\/b><\/p>\n<p>Wir beginnen hier das Bildarchiv aus der Sammlung meiner Schwester <a href=\"https:\/\/propagandaundwiderstand.de\/vita\/\">Dr. Miriam Yegane Arani<\/a> (ext. Link) zu digitalisieren und im Netz zu archivieren. Dies findet im Zusammenhang mit unserer Archivierung von Miriams Arbeiten statt. Miriam war die Entwicklung im digitalen Bereich f\u00fcr eine offene Archivierung mit voller Zug\u00e4nglichkeit auf Archivmaterialien immer sehr wichtig gewesen, so setzen wir dieses Prinzip hier mit ihren uns vorliegenden Archivmaterialien um, in der Form, wie es f\u00fcr uns aktuell m\u00f6glich ist.<\/p>\n<p>Eine Zuordnung einzelner Bilder k\u00f6nnen wir nicht oder nur sehr bedingt leisten: Die Katalogisierung nehmen wir lediglich vor anhand der Angaben, die sich ergeben aus der vorl\u00e4ufigen und als \u00fcbergangsweise gedachten Sortierung in Miriams gesammelten Materialien.<\/p>\n<p>Miriam hat in ihrer wissenschaftlichen Arbeit stets betont, dass zur fotografischen Analyse und historischen Zuordnung von Fotomaterialien noch viel an praktischer Rekonstruktionsarbeit vollzogen werden m\u00fcsse von Geschichtsinteressierten. Die digitale \u00d6ffentlichmachung dieser Best\u00e4nde sind unter genau dem Gesichtspunkt zu betrachten.<\/p>\n<p>Gita Marta Yegane Arani, Edition Farangis<\/p>\n","protected":false},"excerpt":{"rendered":"<p>Supplementary Image Archive Dr. Miriam Y. Arani We are beginning here to digitize the image archive from the collection of my sister Dr. Miriam Yegane Arani (ext. link) and archive it on the web. This is taking place in conjunction with our archiving of Miriam&#8217;s work. Miriam had always been very keen on the development [&hellip;]<\/p>\n","protected":false},"author":1,"featured_media":0,"parent":0,"menu_order":0,"comment_status":"closed","ping_status":"open","template":"","meta":[],"_links":{"self":[{"href":"https:\/\/farangis.de\/drmya\/wp-json\/wp\/v2\/pages\/2"}],"collection":[{"href":"https:\/\/farangis.de\/drmya\/wp-json\/wp\/v2\/pages"}],"about":[{"href":"https:\/\/farangis.de\/drmya\/wp-json\/wp\/v2\/types\/page"}],"author":[{"embeddable":true,"href":"https:\/\/farangis.de\/drmya\/wp-json\/wp\/v2\/users\/1"}],"replies":[{"embeddable":true,"href":"https:\/\/farangis.de\/drmya\/wp-json\/wp\/v2\/comments?post=2"}],"version-history":[{"count":15,"href":"https:\/\/farangis.de\/drmya\/wp-json\/wp\/v2\/pages\/2\/revisions"}],"predecessor-version":[{"id":313,"href":"https:\/\/farangis.de\/drmya\/wp-json\/wp\/v2\/pages\/2\/revisions\/313"}],"wp:attachment":[{"href":"https:\/\/farangis.de\/drmya\/wp-json\/wp\/v2\/media?parent=2"}],"curies":[{"name":"wp","href":"https:\/\/api.w.org\/{rel}","templated":true}]}}