{"id":12,"date":"2023-07-29T20:55:45","date_gmt":"2023-07-29T20:55:45","guid":{"rendered":"https:\/\/farangis.de\/neumithraeum\/?page_id=12"},"modified":"2023-09-04T13:45:03","modified_gmt":"2023-09-04T13:45:03","slug":"about","status":"publish","type":"page","link":"https:\/\/farangis.de\/neumithraeum\/about\/","title":{"rendered":"About Us \/ \u00dcber uns"},"content":{"rendered":"<p><strong>Our Neumithraeum<\/strong><\/p>\n<p>Wie im alten Mithraismus so bedienen auch wir uns im Neumithraeum Lehnmythologemen und auf dieser Grundlage reflektieren und beschreiben wir unsere Gegenwart: aus eine s\u00e4kular-mystischen Warte. Mehr \u00fcber unser Projekt finden Sie gegenw\u00e4rtig verstreut auf unser Eingangsseite: <a href=\"https:\/\/farangis.de\/\">https:\/\/farangis.de\/<\/a><\/p>\n<p>&#8212;<\/p>\n<p>As in ancient Mithraism, we in Neumithraeum also make use of loaned mythological themes and on this basis we reflect and describe our present: from a secular-mystical point of view. You can currently find more about our project scattered on our entry page: <a href=\"https:\/\/farangis.de\/\">https:\/\/farangis.de\/<\/a><\/p>\n<p>&nbsp;<\/p>\n<p>&nbsp;<\/p>\n","protected":false},"excerpt":{"rendered":"<p>Our Neumithraeum Wie im alten Mithraismus so bedienen auch wir uns im Neumithraeum Lehnmythologemen und auf dieser Grundlage reflektieren und beschreiben wir unsere Gegenwart: aus eine s\u00e4kular-mystischen Warte. Mehr \u00fcber unser Projekt finden Sie gegenw\u00e4rtig verstreut auf unser Eingangsseite: https:\/\/farangis.de\/ &#8212; As in ancient Mithraism, we in Neumithraeum also make use of loaned mythological themes&hellip;<\/p>\n","protected":false},"author":1,"featured_media":178,"parent":0,"menu_order":0,"comment_status":"closed","ping_status":"closed","template":"templates\/template-cover.php","meta":[],"_links":{"self":[{"href":"https:\/\/farangis.de\/neumithraeum\/wp-json\/wp\/v2\/pages\/12"}],"collection":[{"href":"https:\/\/farangis.de\/neumithraeum\/wp-json\/wp\/v2\/pages"}],"about":[{"href":"https:\/\/farangis.de\/neumithraeum\/wp-json\/wp\/v2\/types\/page"}],"author":[{"embeddable":true,"href":"https:\/\/farangis.de\/neumithraeum\/wp-json\/wp\/v2\/users\/1"}],"replies":[{"embeddable":true,"href":"https:\/\/farangis.de\/neumithraeum\/wp-json\/wp\/v2\/comments?post=12"}],"version-history":[{"count":6,"href":"https:\/\/farangis.de\/neumithraeum\/wp-json\/wp\/v2\/pages\/12\/revisions"}],"predecessor-version":[{"id":391,"href":"https:\/\/farangis.de\/neumithraeum\/wp-json\/wp\/v2\/pages\/12\/revisions\/391"}],"wp:featuredmedia":[{"embeddable":true,"href":"https:\/\/farangis.de\/neumithraeum\/wp-json\/wp\/v2\/media\/178"}],"wp:attachment":[{"href":"https:\/\/farangis.de\/neumithraeum\/wp-json\/wp\/v2\/media?parent=12"}],"curies":[{"name":"wp","href":"https:\/\/api.w.org\/{rel}","templated":true}]}}